{"id":4660,"date":"2022-06-27T19:20:27","date_gmt":"2022-06-27T19:20:27","guid":{"rendered":"http:\/\/tlvservicios.com.ar\/web\/?post_type=product&#038;p=4660"},"modified":"2022-06-27T19:20:27","modified_gmt":"2022-06-27T19:20:27","slug":"cabezal-hot-stamping-automatico","status":"publish","type":"product","link":"https:\/\/tlvservicios.com.ar\/web\/producto\/cabezal-hot-stamping-automatico\/","title":{"rendered":"Cabezal hot stamping automatico"},"content":{"rendered":"<p><strong>USO y CARACTERISTICAS:<\/strong><\/p>\n<p>Destinado a la colocaci\u00f3n de fechas de elaboraci\u00f3n y\/o vencimiento en bolsas de polietileno, papel, cart\u00f3n y pl\u00e1sticos por sistema de hotstamping.<br \/>\nEl mismo consiste en imprimir textos o fechas mediante la utilizaci\u00f3n de calor, presi\u00f3n y aporte de tinta lo que lo hace totalmente imborrable.<br \/>\nPosee regulador de temperatura para los diferentes espesores de materiales a utilizar; avance de cinta motorizado y re-bobinador de la cinta utilizada.<br \/>\nEl equipo cuenta con un motor, el cual recibir\u00e1 la se\u00f1al de impresi\u00f3n por medio de un switch para accionar el cabezal de impresi\u00f3n y as\u00ed imprimir sobre la superficie deseada.<br \/>\nIdeada para adicionarse a Envasadoras Verticales u Horizontales de l\u00ednea de producci\u00f3n continua, donde la velocidad de impresi\u00f3n se sincroniza con la velocidad de embalaje, permitiendo que la impresi\u00f3n sea precisa y eficiente.<br \/>\nSu robusta estructura est\u00e1 dise\u00f1ada para altas exigencias y velocidades de impresi\u00f3n de hasta 120 golpes por minuto.<br \/>\nUtiliza material de aporte de muy bajo costo.<br \/>\nLa alimentaci\u00f3n es de 220 V y es de muy bajo consumo.<\/p>\n<p><strong>NOTAS<\/strong><\/p>\n<p>Incluye accesorios para adaptarse a las l\u00edneas de producci\u00f3n continuas.<br \/>\nSe entrega con juegos de cu\u00f1os para el armado de las distintas fechas a utilizar.<\/p>\n<div class=\"wpforms-container wpforms-container-full\" id=\"wpforms-4470\"><form id=\"wpforms-form-4470\" class=\"wpforms-validate wpforms-form wpforms-ajax-form\" data-formid=\"4470\" method=\"post\" enctype=\"multipart\/form-data\" action=\"\/web\/wp-json\/wp\/v2\/product\/4660\" data-token=\"400d084020bc77f9fa61231f1f5316a0\" data-token-time=\"1775296433\"><div class=\"wpforms-head-container\"><div class=\"wpforms-title\">Solicitar cotizacion <\/div><\/div><noscript class=\"wpforms-error-noscript\">Por favor, activa JavaScript en tu navegador para completar este formulario.<\/noscript><div class=\"wpforms-field-container\"><div id=\"wpforms-4470-field_0-container\" class=\"wpforms-field wpforms-field-name\" data-field-id=\"0\"><label class=\"wpforms-field-label\" for=\"wpforms-4470-field_0\">Nombre <span class=\"wpforms-required-label\">*<\/span><\/label><input type=\"text\" id=\"wpforms-4470-field_0\" class=\"wpforms-field-medium wpforms-field-required\" name=\"wpforms[fields][0]\" required><\/div><div id=\"wpforms-4470-field_1-container\" class=\"wpforms-field wpforms-field-email\" data-field-id=\"1\"><label class=\"wpforms-field-label\" for=\"wpforms-4470-field_1\">Email <span class=\"wpforms-required-label\">*<\/span><\/label><input type=\"email\" id=\"wpforms-4470-field_1\" class=\"wpforms-field-medium wpforms-field-required\" name=\"wpforms[fields][1]\" spellcheck=\"false\" required><\/div><div id=\"wpforms-4470-field_6-container\" class=\"wpforms-field wpforms-field-text\" data-field-id=\"6\"><label class=\"wpforms-field-label\" for=\"wpforms-4470-field_6\">Telefono<\/label><input type=\"text\" id=\"wpforms-4470-field_6\" class=\"wpforms-field-medium\" name=\"wpforms[fields][6]\" ><\/div><div id=\"wpforms-4470-field_5-container\" class=\"wpforms-field wpforms-field-select wpforms-field-select-style-classic\" data-field-id=\"5\"><label class=\"wpforms-field-label\" for=\"wpforms-4470-field_5\">Producto a consultar<\/label><select id=\"wpforms-4470-field_5\" class=\"wpforms-field-medium\" name=\"wpforms[fields][5]\"><option value=\"micanita\"  class=\"choice-3 depth-1\"  >micanita<\/option><option value=\"correas\"  class=\"choice-19 depth-1\"  >correas<\/option><option value=\"resistencias electricas\"  class=\"choice-20 depth-1\"  >resistencias electricas<\/option><option value=\"ribbons\"  class=\"choice-21 depth-1\"  >ribbons<\/option><option value=\"rollos hot stamping\"  class=\"choice-22 depth-1\"  >rollos hot stamping<\/option><option value=\"alambres y cintas resistivas\"  class=\"choice-23 depth-1\"  >alambres y cintas resistivas<\/option><option value=\"telas teflonadas\"  class=\"choice-24 depth-1\"  >telas teflonadas<\/option><option value=\"rollos de teflon con y sin adhesivo\"  class=\"choice-25 depth-1\"  >rollos de teflon con y sin adhesivo<\/option><option value=\"bandas o cintas transportadoras\"  class=\"choice-26 depth-1\"  >bandas o cintas transportadoras<\/option><option value=\"cunos fechadores\"  class=\"choice-27 depth-1\"  >cunos fechadores<\/option><option value=\"selladoras de bolsas\"  class=\"choice-28 depth-1\"  >selladoras de bolsas<\/option><option value=\"rodillos de tinta hot roll\"  class=\"choice-29 depth-1\"  >rodillos de tinta hot roll<\/option><option value=\"controladores de temperaturas\"  class=\"choice-30 depth-1\"  >controladores de temperaturas<\/option><option value=\"bandas teflonadas\"  class=\"choice-31 depth-1\"  >bandas teflonadas<\/option><option value=\"envasadora al vacio\"  class=\"choice-32 depth-1\"  >envasadora al vacio<\/option><option value=\"cerradora de latas\"  class=\"choice-33 depth-1\"  >cerradora de latas<\/option><option value=\"fechadores de hot stamping\"  class=\"choice-34 depth-1\"  >fechadores de hot stamping<\/option><option value=\"selladora a pedal modelo tlv 600m\"  class=\"choice-35 depth-1\"  >selladora a pedal modelo tlv 600m<\/option><option value=\"sellador continua vertical modelo tlv 2000\"  class=\"choice-36 depth-1\"  >sellador continua vertical modelo tlv 2000<\/option><option value=\"selladora continua horizontal vertical modelo tlv 1250 inox\"  class=\"choice-37 depth-1\"  >selladora continua horizontal vertical modelo tlv 1250 inox<\/option><option value=\"selladora continua vertical modelo tlv 1250\"  class=\"choice-38 depth-1\"  >selladora continua vertical modelo tlv 1250<\/option><option value=\"selladora continua modelo tlv 1000\"  class=\"choice-39 depth-1\"  >selladora continua modelo tlv 1000<\/option><option value=\"cabezal hot stamping automatico\"  class=\"choice-41 depth-1\"  >cabezal hot stamping automatico<\/option><option value=\"sunchadora semiautomatica para fleje plastico\"  class=\"choice-42 depth-1\"  >sunchadora semiautomatica para fleje plastico<\/option><option value=\"codificadora inkjet para linea automatica tlv a10\"  class=\"choice-43 depth-1\"  >codificadora inkjet para linea automatica tlv a10<\/option><option value=\"codificadora inkjet manual tlv m10\"  class=\"choice-44 depth-1\"  >codificadora inkjet manual tlv m10<\/option><option value=\"codificadora inkjet para linea automatica tlv a5\"  class=\"choice-45 depth-1\"  >codificadora inkjet para linea automatica tlv a5<\/option><option value=\"codificadora inkjet para linea automatica tlv a20\"  class=\"choice-46 depth-1\"  >codificadora inkjet para linea automatica tlv a20<\/option><option value=\"cinta transportadora tlv1925\"  class=\"choice-47 depth-1\"  >cinta transportadora tlv1925<\/option><option value=\"cabezal hot roll para linea de envasado automatica\"  class=\"choice-48 depth-1\"  >cabezal hot roll para linea de envasado automatica<\/option><option value=\"cinta transportadora tlv1925 chica\"  class=\"choice-49 depth-1\"  >cinta transportadora tlv1925 chica<\/option><option value=\"cinta transportadora tlv3844\"  class=\"choice-50 depth-1\"  >cinta transportadora tlv3844<\/option><option value=\"selladora por unduccion semiautomatica modelo tlv 1600\"  class=\"choice-51 depth-1\"  >selladora por unduccion semiautomatica modelo tlv 1600<\/option><option value=\"impresor hot stamping automatico de mesa\"  class=\"choice-52 depth-1\"  >impresor hot stamping automatico de mesa<\/option><\/select><\/div><div id=\"wpforms-4470-field_4-container\" class=\"wpforms-field wpforms-field-number-slider\" data-field-id=\"4\"><label class=\"wpforms-field-label\" for=\"wpforms-4470-field_4\">Cantidad de productos requeridos<\/label>\n<input\n\ttype=\"range\"\n\tid=\"wpforms-4470-field_4\" class=\"wpforms-field-medium\" name=\"wpforms[fields][4]\" value=\"0\"\t\tmin=\"0\"\n\tmax=\"100\"\n\tstep=\"1\">\n\n<div class=\"wpforms-field-number-slider-hint\"\n\tdata-hint=\"Valor seleccionado: {value}\">\n\tValor seleccionado: <b>0<\/b><\/div>\n<\/div><div id=\"wpforms-4470-field_2-container\" class=\"wpforms-field wpforms-field-textarea\" data-field-id=\"2\"><label class=\"wpforms-field-label\" for=\"wpforms-4470-field_2\">Mensaje o consulta <span class=\"wpforms-required-label\">*<\/span><\/label><textarea id=\"wpforms-4470-field_2\" class=\"wpforms-field-small wpforms-field-required\" name=\"wpforms[fields][2]\" required><\/textarea><\/div><\/div><!-- .wpforms-field-container --><div class=\"wpforms-recaptcha-container wpforms-is-recaptcha wpforms-is-recaptcha-type-v3\" ><input type=\"hidden\" name=\"wpforms[recaptcha]\" value=\"\"><\/div><div class=\"wpforms-submit-container\" ><input type=\"hidden\" name=\"wpforms[id]\" value=\"4470\"><input type=\"hidden\" name=\"page_title\" value=\"\"><input type=\"hidden\" name=\"page_url\" value=\"https:\/\/tlvservicios.com.ar\/web\/wp-json\/wp\/v2\/product\/4660\"><input type=\"hidden\" name=\"url_referer\" value=\"\"><button type=\"submit\" name=\"wpforms[submit]\" id=\"wpforms-submit-4470\" class=\"wpforms-submit\" data-alt-text=\"Enviando...\" data-submit-text=\"Enviar\" aria-live=\"assertive\" value=\"wpforms-submit\">Enviar<\/button><img loading=\"lazy\" decoding=\"async\" src=\"https:\/\/tlvservicios.com.ar\/web\/wp-content\/plugins\/wpforms-lite\/assets\/images\/submit-spin.svg\" class=\"wpforms-submit-spinner\" style=\"display: none;\" width=\"26\" height=\"26\" alt=\"Cargando\"><\/div><\/form><\/div>  <!-- .wpforms-container -->\n","protected":false},"excerpt":{"rendered":"<p><strong>USO y CARACTERISTICAS:<\/strong><\/p>\n<p>Destinado a la colocaci\u00f3n de fechas de elaboraci\u00f3n y\/o vencimiento en bolsas de polietileno, papel, cart\u00f3n y pl\u00e1sticos por sistema de hotstamping.<br \/>\nEl mismo consiste en imprimir textos o fechas mediante la utilizaci\u00f3n de calor, presi\u00f3n y aporte de tinta lo que lo hace totalmente imborrable.<br \/>\nPosee regulador de temperatura para los diferentes espesores de materiales a utilizar; avance de cinta motorizado y re-bobinador de la cinta utilizada.<br \/>\nEl equipo cuenta con un motor, el cual recibir\u00e1 la se\u00f1al de impresi\u00f3n por medio de un switch para accionar el cabezal de impresi\u00f3n y as\u00ed imprimir sobre la superficie deseada.<br \/>\nIdeada para adicionarse a Envasadoras Verticales u Horizontales de l\u00ednea de producci\u00f3n continua, donde la velocidad de impresi\u00f3n se sincroniza con la velocidad de embalaje, permitiendo que la impresi\u00f3n sea precisa y eficiente.<br \/>\nSu robusta estructura est\u00e1 dise\u00f1ada para altas exigencias y velocidades de impresi\u00f3n de hasta 120 golpes por minuto.<br \/>\nUtiliza material de aporte de muy bajo costo.<br \/>\nLa alimentaci\u00f3n es de 220 V y es de muy bajo consumo.<\/p>\n<p><strong>NOTAS<\/strong><\/p>\n<p>Incluye accesorios para adaptarse a las l\u00edneas de producci\u00f3n continuas.<br \/>\nSe entrega con juegos de cu\u00f1os para el armado de las distintas fechas a utilizar.<\/p>\n","protected":false},"featured_media":4661,"comment_status":"closed","ping_status":"closed","template":"","meta":[],"product_brand":[],"product_cat":[150],"product_tag":[151],"class_list":{"0":"post-4660","1":"product","2":"type-product","3":"status-publish","4":"has-post-thumbnail","6":"product_cat-maquinas","7":"product_tag-maquinas","10":"first","11":"instock","12":"shipping-taxable","13":"product-type-simple"},"yoast_head":"<!-- This site is optimized with the Yoast SEO plugin v27.3 - https:\/\/yoast.com\/product\/yoast-seo-wordpress\/ -->\n<title>Cabezal hot stamping automatico - TLV Servicios<\/title>\n<meta name=\"description\" content=\"Destinado a la colocaci\u00f3n de fechas de elaboraci\u00f3n y\/o vencimiento en bolsas de polietileno, papel, cart\u00f3n y pl\u00e1sticos\" \/>\n<meta name=\"robots\" content=\"index, follow, max-snippet:-1, max-image-preview:large, max-video-preview:-1\" \/>\n<link rel=\"canonical\" href=\"https:\/\/tlvservicios.com.ar\/web\/producto\/cabezal-hot-stamping-automatico\/\" \/>\n<meta property=\"og:locale\" content=\"es_ES\" \/>\n<meta property=\"og:type\" content=\"article\" \/>\n<meta property=\"og:title\" content=\"Cabezal hot stamping automatico - TLV Servicios\" \/>\n<meta property=\"og:description\" content=\"Destinado a la colocaci\u00f3n de fechas de elaboraci\u00f3n y\/o vencimiento en bolsas de polietileno, papel, cart\u00f3n y pl\u00e1sticos\" \/>\n<meta property=\"og:url\" content=\"https:\/\/tlvservicios.com.ar\/web\/producto\/cabezal-hot-stamping-automatico\/\" \/>\n<meta property=\"og:site_name\" content=\"TLV Servicios\" \/>\n<meta property=\"og:image\" content=\"https:\/\/tlvservicios.com.ar\/web\/wp-content\/uploads\/2022\/06\/CABEZAL-HOT-STAMPING-AUTOMATICO.jpg\" \/>\n\t<meta property=\"og:image:width\" content=\"800\" \/>\n\t<meta property=\"og:image:height\" content=\"584\" \/>\n\t<meta property=\"og:image:type\" content=\"image\/jpeg\" \/>\n<meta name=\"twitter:card\" content=\"summary_large_image\" \/>\n<meta name=\"twitter:label1\" content=\"Tiempo de lectura\" \/>\n\t<meta name=\"twitter:data1\" content=\"1 minuto\" \/>\n<script type=\"application\/ld+json\" class=\"yoast-schema-graph\">{\"@context\":\"https:\\\/\\\/schema.org\",\"@graph\":[{\"@type\":\"WebPage\",\"@id\":\"https:\\\/\\\/tlvservicios.com.ar\\\/web\\\/producto\\\/cabezal-hot-stamping-automatico\\\/\",\"url\":\"https:\\\/\\\/tlvservicios.com.ar\\\/web\\\/producto\\\/cabezal-hot-stamping-automatico\\\/\",\"name\":\"Cabezal hot stamping automatico - TLV Servicios\",\"isPartOf\":{\"@id\":\"https:\\\/\\\/tlvservicios.com.ar\\\/web\\\/#website\"},\"primaryImageOfPage\":{\"@id\":\"https:\\\/\\\/tlvservicios.com.ar\\\/web\\\/producto\\\/cabezal-hot-stamping-automatico\\\/#primaryimage\"},\"image\":{\"@id\":\"https:\\\/\\\/tlvservicios.com.ar\\\/web\\\/producto\\\/cabezal-hot-stamping-automatico\\\/#primaryimage\"},\"thumbnailUrl\":\"https:\\\/\\\/tlvservicios.com.ar\\\/web\\\/wp-content\\\/uploads\\\/2022\\\/06\\\/CABEZAL-HOT-STAMPING-AUTOMATICO.jpg\",\"datePublished\":\"2022-06-27T19:20:27+00:00\",\"description\":\"Destinado a la colocaci\u00f3n de fechas de elaboraci\u00f3n y\\\/o vencimiento en bolsas de polietileno, papel, cart\u00f3n y pl\u00e1sticos\",\"breadcrumb\":{\"@id\":\"https:\\\/\\\/tlvservicios.com.ar\\\/web\\\/producto\\\/cabezal-hot-stamping-automatico\\\/#breadcrumb\"},\"inLanguage\":\"es\",\"potentialAction\":[{\"@type\":\"ReadAction\",\"target\":[\"https:\\\/\\\/tlvservicios.com.ar\\\/web\\\/producto\\\/cabezal-hot-stamping-automatico\\\/\"]}]},{\"@type\":\"ImageObject\",\"inLanguage\":\"es\",\"@id\":\"https:\\\/\\\/tlvservicios.com.ar\\\/web\\\/producto\\\/cabezal-hot-stamping-automatico\\\/#primaryimage\",\"url\":\"https:\\\/\\\/tlvservicios.com.ar\\\/web\\\/wp-content\\\/uploads\\\/2022\\\/06\\\/CABEZAL-HOT-STAMPING-AUTOMATICO.jpg\",\"contentUrl\":\"https:\\\/\\\/tlvservicios.com.ar\\\/web\\\/wp-content\\\/uploads\\\/2022\\\/06\\\/CABEZAL-HOT-STAMPING-AUTOMATICO.jpg\",\"width\":800,\"height\":584,\"caption\":\"CABEZAL HOT STAMPING AUTOMATICO\"},{\"@type\":\"BreadcrumbList\",\"@id\":\"https:\\\/\\\/tlvservicios.com.ar\\\/web\\\/producto\\\/cabezal-hot-stamping-automatico\\\/#breadcrumb\",\"itemListElement\":[{\"@type\":\"ListItem\",\"position\":1,\"name\":\"Portada\",\"item\":\"https:\\\/\\\/tlvservicios.com.ar\\\/web\\\/\"},{\"@type\":\"ListItem\",\"position\":2,\"name\":\"Catalogo\",\"item\":\"https:\\\/\\\/tlvservicios.com.ar\\\/web\\\/shop\\\/\"},{\"@type\":\"ListItem\",\"position\":3,\"name\":\"Cabezal hot stamping automatico\"}]},{\"@type\":\"WebSite\",\"@id\":\"https:\\\/\\\/tlvservicios.com.ar\\\/web\\\/#website\",\"url\":\"https:\\\/\\\/tlvservicios.com.ar\\\/web\\\/\",\"name\":\"TLV Servicios\",\"description\":\"Repuestos e Insumos\",\"potentialAction\":[{\"@type\":\"SearchAction\",\"target\":{\"@type\":\"EntryPoint\",\"urlTemplate\":\"https:\\\/\\\/tlvservicios.com.ar\\\/web\\\/?s={search_term_string}\"},\"query-input\":{\"@type\":\"PropertyValueSpecification\",\"valueRequired\":true,\"valueName\":\"search_term_string\"}}],\"inLanguage\":\"es\"}]}<\/script>\n<!-- \/ Yoast SEO plugin. -->","yoast_head_json":{"title":"Cabezal hot stamping automatico - TLV Servicios","description":"Destinado a la colocaci\u00f3n de fechas de elaboraci\u00f3n y\/o vencimiento en bolsas de polietileno, papel, cart\u00f3n y pl\u00e1sticos","robots":{"index":"index","follow":"follow","max-snippet":"max-snippet:-1","max-image-preview":"max-image-preview:large","max-video-preview":"max-video-preview:-1"},"canonical":"https:\/\/tlvservicios.com.ar\/web\/producto\/cabezal-hot-stamping-automatico\/","og_locale":"es_ES","og_type":"article","og_title":"Cabezal hot stamping automatico - TLV Servicios","og_description":"Destinado a la colocaci\u00f3n de fechas de elaboraci\u00f3n y\/o vencimiento en bolsas de polietileno, papel, cart\u00f3n y pl\u00e1sticos","og_url":"https:\/\/tlvservicios.com.ar\/web\/producto\/cabezal-hot-stamping-automatico\/","og_site_name":"TLV Servicios","og_image":[{"width":800,"height":584,"url":"https:\/\/tlvservicios.com.ar\/web\/wp-content\/uploads\/2022\/06\/CABEZAL-HOT-STAMPING-AUTOMATICO.jpg","type":"image\/jpeg"}],"twitter_card":"summary_large_image","twitter_misc":{"Tiempo de lectura":"1 minuto"},"schema":{"@context":"https:\/\/schema.org","@graph":[{"@type":"WebPage","@id":"https:\/\/tlvservicios.com.ar\/web\/producto\/cabezal-hot-stamping-automatico\/","url":"https:\/\/tlvservicios.com.ar\/web\/producto\/cabezal-hot-stamping-automatico\/","name":"Cabezal hot stamping automatico - TLV Servicios","isPartOf":{"@id":"https:\/\/tlvservicios.com.ar\/web\/#website"},"primaryImageOfPage":{"@id":"https:\/\/tlvservicios.com.ar\/web\/producto\/cabezal-hot-stamping-automatico\/#primaryimage"},"image":{"@id":"https:\/\/tlvservicios.com.ar\/web\/producto\/cabezal-hot-stamping-automatico\/#primaryimage"},"thumbnailUrl":"https:\/\/tlvservicios.com.ar\/web\/wp-content\/uploads\/2022\/06\/CABEZAL-HOT-STAMPING-AUTOMATICO.jpg","datePublished":"2022-06-27T19:20:27+00:00","description":"Destinado a la colocaci\u00f3n de fechas de elaboraci\u00f3n y\/o vencimiento en bolsas de polietileno, papel, cart\u00f3n y pl\u00e1sticos","breadcrumb":{"@id":"https:\/\/tlvservicios.com.ar\/web\/producto\/cabezal-hot-stamping-automatico\/#breadcrumb"},"inLanguage":"es","potentialAction":[{"@type":"ReadAction","target":["https:\/\/tlvservicios.com.ar\/web\/producto\/cabezal-hot-stamping-automatico\/"]}]},{"@type":"ImageObject","inLanguage":"es","@id":"https:\/\/tlvservicios.com.ar\/web\/producto\/cabezal-hot-stamping-automatico\/#primaryimage","url":"https:\/\/tlvservicios.com.ar\/web\/wp-content\/uploads\/2022\/06\/CABEZAL-HOT-STAMPING-AUTOMATICO.jpg","contentUrl":"https:\/\/tlvservicios.com.ar\/web\/wp-content\/uploads\/2022\/06\/CABEZAL-HOT-STAMPING-AUTOMATICO.jpg","width":800,"height":584,"caption":"CABEZAL HOT STAMPING AUTOMATICO"},{"@type":"BreadcrumbList","@id":"https:\/\/tlvservicios.com.ar\/web\/producto\/cabezal-hot-stamping-automatico\/#breadcrumb","itemListElement":[{"@type":"ListItem","position":1,"name":"Portada","item":"https:\/\/tlvservicios.com.ar\/web\/"},{"@type":"ListItem","position":2,"name":"Catalogo","item":"https:\/\/tlvservicios.com.ar\/web\/shop\/"},{"@type":"ListItem","position":3,"name":"Cabezal hot stamping automatico"}]},{"@type":"WebSite","@id":"https:\/\/tlvservicios.com.ar\/web\/#website","url":"https:\/\/tlvservicios.com.ar\/web\/","name":"TLV Servicios","description":"Repuestos e Insumos","potentialAction":[{"@type":"SearchAction","target":{"@type":"EntryPoint","urlTemplate":"https:\/\/tlvservicios.com.ar\/web\/?s={search_term_string}"},"query-input":{"@type":"PropertyValueSpecification","valueRequired":true,"valueName":"search_term_string"}}],"inLanguage":"es"}]}},"_links":{"self":[{"href":"https:\/\/tlvservicios.com.ar\/web\/wp-json\/wp\/v2\/product\/4660","targetHints":{"allow":["GET"]}}],"collection":[{"href":"https:\/\/tlvservicios.com.ar\/web\/wp-json\/wp\/v2\/product"}],"about":[{"href":"https:\/\/tlvservicios.com.ar\/web\/wp-json\/wp\/v2\/types\/product"}],"replies":[{"embeddable":true,"href":"https:\/\/tlvservicios.com.ar\/web\/wp-json\/wp\/v2\/comments?post=4660"}],"wp:featuredmedia":[{"embeddable":true,"href":"https:\/\/tlvservicios.com.ar\/web\/wp-json\/wp\/v2\/media\/4661"}],"wp:attachment":[{"href":"https:\/\/tlvservicios.com.ar\/web\/wp-json\/wp\/v2\/media?parent=4660"}],"wp:term":[{"taxonomy":"product_brand","embeddable":true,"href":"https:\/\/tlvservicios.com.ar\/web\/wp-json\/wp\/v2\/product_brand?post=4660"},{"taxonomy":"product_cat","embeddable":true,"href":"https:\/\/tlvservicios.com.ar\/web\/wp-json\/wp\/v2\/product_cat?post=4660"},{"taxonomy":"product_tag","embeddable":true,"href":"https:\/\/tlvservicios.com.ar\/web\/wp-json\/wp\/v2\/product_tag?post=4660"}],"curies":[{"name":"wp","href":"https:\/\/api.w.org\/{rel}","templated":true}]}}